{"id":22,"date":"2024-04-22T21:11:21","date_gmt":"2024-04-22T19:11:21","guid":{"rendered":"https:\/\/isabellachavero.fr\/?page_id=22"},"modified":"2024-04-27T00:11:04","modified_gmt":"2024-04-26T22:11:04","slug":"projet-professionnel","status":"publish","type":"page","link":"https:\/\/isabellachavero.fr\/index.php\/projet-professionnel\/","title":{"rendered":"Projet professionnel"},"content":{"rendered":"\n<div class=\"wp-block-columns alignwide is-layout-flex wp-container-core-columns-is-layout-28f84493 wp-block-columns-is-layout-flex\">\n<div class=\"wp-block-column is-layout-flow wp-block-column-is-layout-flow\">\n<p class=\"has-black-color has-text-color has-medium-font-size\"><\/p>\n\n\n\n<p class=\"has-text-color has-medium-font-size\" style=\"color:#7a7a7a\">Mon objectif professionnel est de devenir <strong>r\u00e9alisatrice de films<\/strong>. Pour atteindre cet ambitieux but, je me lance dans un BTS M\u00e9tiers de l&#8217;Audiovisuel, option image, en alternance. Mon intention est de me plonger dans le c\u0153ur de l&#8217;industrie audiovisuelle et cin\u00e9matographique d\u00e8s maintenant, afin de comprendre les rouages de la production audiovisuelle. <br>Par la suite, je compte poursuivre mes \u00e9tudes dans une \u00e9cole de cin\u00e9ma, o\u00f9 je pourrai affiner ma technique et d\u00e9velopper ma vision artistique. <br>Mon r\u00eave ultime est de contribuer \u00e0 la cr\u00e9ation de films.<\/p>\n<\/div>\n<\/div>\n\n\n\n<div style=\"height:100px\" aria-hidden=\"true\" class=\"wp-block-spacer\"><\/div>\n\n\n\n<figure class=\"wp-block-gallery has-nested-images columns-default is-cropped wp-block-gallery-1 is-layout-flex wp-block-gallery-is-layout-flex\">\n<figure class=\"wp-block-image size-large is-style-default\"><img loading=\"lazy\" decoding=\"async\" width=\"1024\" height=\"683\" data-id=\"105\" src=\"https:\/\/isabellachavero.fr\/wp-content\/uploads\/2024\/04\/cinema-1024x683.jpeg\" alt=\"\" class=\"wp-image-105\" srcset=\"https:\/\/isabellachavero.fr\/wp-content\/uploads\/2024\/04\/cinema-1024x683.jpeg 1024w, https:\/\/isabellachavero.fr\/wp-content\/uploads\/2024\/04\/cinema-300x200.jpeg 300w, https:\/\/isabellachavero.fr\/wp-content\/uploads\/2024\/04\/cinema-2000x1333.jpeg 2000w\" sizes=\"auto, (max-width: 1024px) 100vw, 1024px\" \/><\/figure>\n\n\n\n<figure class=\"wp-block-image size-large\"><img loading=\"lazy\" decoding=\"async\" width=\"1024\" height=\"683\" data-id=\"107\" src=\"https:\/\/isabellachavero.fr\/wp-content\/uploads\/2024\/04\/ben-collins-SpDOwp6PnBs-unsplash-1-1024x683.jpeg\" alt=\"\" class=\"wp-image-107\" srcset=\"https:\/\/isabellachavero.fr\/wp-content\/uploads\/2024\/04\/ben-collins-SpDOwp6PnBs-unsplash-1-1024x683.jpeg 1024w, https:\/\/isabellachavero.fr\/wp-content\/uploads\/2024\/04\/ben-collins-SpDOwp6PnBs-unsplash-1-300x200.jpeg 300w, https:\/\/isabellachavero.fr\/wp-content\/uploads\/2024\/04\/ben-collins-SpDOwp6PnBs-unsplash-1-2000x1334.jpeg 2000w\" sizes=\"auto, (max-width: 1024px) 100vw, 1024px\" \/><\/figure>\n\n\n\n<figure class=\"wp-block-image size-large\"><img loading=\"lazy\" decoding=\"async\" width=\"1024\" height=\"683\" data-id=\"108\" src=\"https:\/\/isabellachavero.fr\/wp-content\/uploads\/2024\/04\/jakob-owens-ntqaFfrDdEA-unsplash-1024x683.jpeg\" alt=\"\" class=\"wp-image-108\" srcset=\"https:\/\/isabellachavero.fr\/wp-content\/uploads\/2024\/04\/jakob-owens-ntqaFfrDdEA-unsplash-1024x683.jpeg 1024w, https:\/\/isabellachavero.fr\/wp-content\/uploads\/2024\/04\/jakob-owens-ntqaFfrDdEA-unsplash-300x200.jpeg 300w, https:\/\/isabellachavero.fr\/wp-content\/uploads\/2024\/04\/jakob-owens-ntqaFfrDdEA-unsplash-2000x1333.jpeg 2000w\" sizes=\"auto, (max-width: 1024px) 100vw, 1024px\" \/><\/figure>\n<\/figure>\n\n\n\n<div style=\"height:100px\" aria-hidden=\"true\" class=\"wp-block-spacer\"><\/div>\n\n\n\n<div class=\"wp-block-group alignfull has-black-background-color has-background has-global-padding is-layout-constrained wp-container-core-group-is-layout-4383d167 wp-block-group-is-layout-constrained\">\n<div style=\"height:151px\" aria-hidden=\"true\" class=\"wp-block-spacer\"><\/div>\n\n\n\n<div class=\"wp-block-columns are-vertically-aligned-center is-layout-flex wp-container-core-columns-is-layout-28f84493 wp-block-columns-is-layout-flex\">\n<div class=\"wp-block-column is-vertically-aligned-center is-layout-flow wp-block-column-is-layout-flow\" style=\"flex-basis:70%\">\n<h2 class=\"wp-block-heading has-text-align-left has-white-color has-text-color has-large-font-size\" style=\"font-style:normal;font-weight:500\">Contactez-moi <\/h2>\n<\/div>\n\n\n\n<div class=\"wp-block-column is-vertically-aligned-center is-layout-flow wp-block-column-is-layout-flow\">\n<div class=\"wp-block-buttons wpz-alt-button is-content-justification-space-between is-layout-flex wp-container-core-buttons-is-layout-b2891da8 wp-block-buttons-is-layout-flex\">\n<div class=\"wp-block-button alignright is-style-fill\"><a class=\"wp-block-button__link has-black-color has-white-background-color has-text-color has-background wp-element-button\" href=\"https:\/\/drive.google.com\/file\/d\/1ZXT30DjyKQuDQdjOXM5pwRstVkVOdOcm\/view?usp=sharing\" target=\"_blank\" rel=\"noreferrer noopener nofollow\">T\u00e9l\u00e9charger mon CV<\/a><\/div>\n<\/div>\n<\/div>\n<\/div>\n\n\n\n<div style=\"height:152px\" aria-hidden=\"true\" class=\"wp-block-spacer\"><\/div>\n<\/div>\n","protected":false},"excerpt":{"rendered":"<p>Mon objectif professionnel est de devenir r\u00e9alisatrice de films. Pour atteindre cet ambitieux but, je me lance dans un BTS M\u00e9tiers de l&#8217;Audiovisuel, option image, en alternance. Mon intention est de me plonger dans le c\u0153ur de l&#8217;industrie audiovisuelle et cin\u00e9matographique d\u00e8s maintenant, afin de comprendre les rouages de la production audiovisuelle. Par la suite, &hellip; <\/p>\n<p class=\"link-more\"><a href=\"https:\/\/isabellachavero.fr\/index.php\/projet-professionnel\/\" class=\"more-link\">Read more<span class=\"screen-reader-text\"> &#8220;Projet professionnel&#8221;<\/span><\/a><\/p>\n","protected":false},"author":1,"featured_media":20,"parent":0,"menu_order":0,"comment_status":"closed","ping_status":"closed","template":"","meta":{"footnotes":""},"class_list":["post-22","page","type-page","status-publish","has-post-thumbnail","hentry"],"_links":{"self":[{"href":"https:\/\/isabellachavero.fr\/index.php\/wp-json\/wp\/v2\/pages\/22","targetHints":{"allow":["GET"]}}],"collection":[{"href":"https:\/\/isabellachavero.fr\/index.php\/wp-json\/wp\/v2\/pages"}],"about":[{"href":"https:\/\/isabellachavero.fr\/index.php\/wp-json\/wp\/v2\/types\/page"}],"author":[{"embeddable":true,"href":"https:\/\/isabellachavero.fr\/index.php\/wp-json\/wp\/v2\/users\/1"}],"replies":[{"embeddable":true,"href":"https:\/\/isabellachavero.fr\/index.php\/wp-json\/wp\/v2\/comments?post=22"}],"version-history":[{"count":9,"href":"https:\/\/isabellachavero.fr\/index.php\/wp-json\/wp\/v2\/pages\/22\/revisions"}],"predecessor-version":[{"id":110,"href":"https:\/\/isabellachavero.fr\/index.php\/wp-json\/wp\/v2\/pages\/22\/revisions\/110"}],"wp:featuredmedia":[{"embeddable":true,"href":"https:\/\/isabellachavero.fr\/index.php\/wp-json\/wp\/v2\/media\/20"}],"wp:attachment":[{"href":"https:\/\/isabellachavero.fr\/index.php\/wp-json\/wp\/v2\/media?parent=22"}],"curies":[{"name":"wp","href":"https:\/\/api.w.org\/{rel}","templated":true}]}}