{"id":21,"date":"2024-04-22T21:11:21","date_gmt":"2024-04-22T19:11:21","guid":{"rendered":"https:\/\/isabellachavero.fr\/?page_id=21"},"modified":"2024-05-05T20:15:40","modified_gmt":"2024-05-05T18:15:40","slug":"homepage","status":"publish","type":"page","link":"https:\/\/isabellachavero.fr\/","title":{"rendered":"Homepage"},"content":{"rendered":"\n<div class=\"wp-block-cover alignfull is-light\" style=\"min-height:100vh;aspect-ratio:unset;\"><span aria-hidden=\"true\" class=\"wp-block-cover__background has-background-dim-20 has-background-dim\" style=\"background-color:#FFF\"><\/span><video class=\"wp-block-cover__video-background intrinsic-ignore\" autoplay muted loop playsinline src=\"https:\/\/isabellachavero.fr\/wp-content\/uploads\/2024\/04\/9596-220312401_small.mp4\" data-object-fit=\"cover\"><\/video><div class=\"wp-block-cover__inner-container has-global-padding is-layout-constrained wp-block-cover-is-layout-constrained\">\n<p class=\"has-text-align-center has-white-color has-text-color has-max-60-font-size\" style=\"font-style:normal;font-weight:900;line-height:1.2\">Mon<strong> portfolio<\/strong><\/p>\n\n\n\n<p class=\"has-text-align-center has-white-color has-text-color has-medium-font-size\">Bienvenue dans mon univers visuel<\/p>\n\n\n\n<div style=\"height:55px\" aria-hidden=\"true\" class=\"wp-block-spacer\"><\/div>\n\n\n\n<div class=\"wp-block-buttons is-content-justification-center is-layout-flex wp-container-core-buttons-is-layout-a89b3969 wp-block-buttons-is-layout-flex\">\n<div class=\"wp-block-button is-style-outline is-style-outline--1\"><a class=\"wp-block-button__link has-white-color has-text-color wp-element-button\" href=\"#mescreationsvideos\" style=\"border-radius:0px\">D\u00e9couvrir<\/a><\/div>\n<\/div>\n<\/div><\/div>\n\n\n\n<div class=\"wp-block-group alignfull has-global-padding is-layout-constrained wp-block-group-is-layout-constrained\" id=\"A-PROPOS-DE-MOI\">\n<div class=\"wp-block-group has-global-padding is-layout-constrained wp-block-group-is-layout-constrained\" style=\"padding-top:var(--wp--preset--spacing--small);padding-bottom:var(--wp--preset--spacing--small)\">\n<div style=\"height:30px\" aria-hidden=\"true\" class=\"wp-block-spacer\"><\/div>\n\n\n\n<div class=\"wp-block-columns is-layout-flex wp-container-core-columns-is-layout-c375d253 wp-block-columns-is-layout-flex\">\n<div class=\"wp-block-column is-vertically-aligned-center is-layout-flow wp-block-column-is-layout-flow\">\n<h2 class=\"wp-block-heading has-medium-font-size\" style=\"text-transform:uppercase\">\u00c0 propos de moi<\/h2>\n\n\n\n<p>Je m&#8217;appelle Isabella Chavero, j&#8217;ai 25 ans, expatri\u00e9 depuis 6 ans, je suis \u00e0 la recherche d&#8217;une alternance pour pr\u00e9parer mon <strong>BTS Audiovisuel, option m\u00e9tiers de l&#8217;image<\/strong>. Disponible d\u00e8s septembre 2024.<\/p>\n\n\n\n<ul class=\"wp-block-social-links has-icon-color is-style-logos-only is-layout-flex wp-container-core-social-links-is-layout-327fadc6 wp-block-social-links-is-layout-flex\"><li style=\"color:currentColor;\" class=\"wp-social-link wp-social-link-linkedin has-primary-color wp-block-social-link\"><a href=\"https:\/\/www.linkedin.com\/in\/isabella-chavero\/\" class=\"wp-block-social-link-anchor\"><svg width=\"24\" height=\"24\" viewBox=\"0 0 24 24\" version=\"1.1\" xmlns=\"http:\/\/www.w3.org\/2000\/svg\" aria-hidden=\"true\" focusable=\"false\"><path d=\"M19.7,3H4.3C3.582,3,3,3.582,3,4.3v15.4C3,20.418,3.582,21,4.3,21h15.4c0.718,0,1.3-0.582,1.3-1.3V4.3 C21,3.582,20.418,3,19.7,3z M8.339,18.338H5.667v-8.59h2.672V18.338z M7.004,8.574c-0.857,0-1.549-0.694-1.549-1.548 c0-0.855,0.691-1.548,1.549-1.548c0.854,0,1.547,0.694,1.547,1.548C8.551,7.881,7.858,8.574,7.004,8.574z M18.339,18.338h-2.669 v-4.177c0-0.996-0.017-2.278-1.387-2.278c-1.389,0-1.601,1.086-1.601,2.206v4.249h-2.667v-8.59h2.559v1.174h0.037 c0.356-0.675,1.227-1.387,2.526-1.387c2.703,0,3.203,1.779,3.203,4.092V18.338z\"><\/path><\/svg><span class=\"wp-block-social-link-label screen-reader-text\">LinkedIn<\/span><\/a><\/li><\/ul>\n\n\n\n<div class=\"wp-block-buttons is-horizontal is-content-justification-left is-layout-flex wp-container-core-buttons-is-layout-20be11b6 wp-block-buttons-is-layout-flex\">\n<div class=\"wp-block-button is-style-outline is-style-outline--2\"><a class=\"wp-block-button__link wp-element-button\" href=\"https:\/\/drive.google.com\/file\/d\/1ZXT30DjyKQuDQdjOXM5pwRstVkVOdOcm\/view?usp=sharing\" style=\"border-radius:0px\" target=\"_blank\" rel=\"noreferrer noopener nofollow\">T\u00e9l\u00e9charger mon CV <\/a><\/div>\n<\/div>\n<\/div>\n\n\n\n<div class=\"wp-block-column is-layout-flow wp-block-column-is-layout-flow\">\n<figure class=\"wp-block-image size-large is-style-rounded\"><img loading=\"lazy\" decoding=\"async\" width=\"1024\" height=\"682\" src=\"https:\/\/isabellachavero.fr\/wp-content\/uploads\/2024\/04\/2a6d8314-ad99-452e-a1b7-48c4bbe2d589-1024x682.jpg\" alt=\"\" class=\"wp-image-70\" srcset=\"https:\/\/isabellachavero.fr\/wp-content\/uploads\/2024\/04\/2a6d8314-ad99-452e-a1b7-48c4bbe2d589-1024x682.jpg 1024w, https:\/\/isabellachavero.fr\/wp-content\/uploads\/2024\/04\/2a6d8314-ad99-452e-a1b7-48c4bbe2d589-300x200.jpg 300w, https:\/\/isabellachavero.fr\/wp-content\/uploads\/2024\/04\/2a6d8314-ad99-452e-a1b7-48c4bbe2d589.jpg 1600w\" sizes=\"auto, (max-width: 1024px) 100vw, 1024px\" \/><\/figure>\n<\/div>\n<\/div>\n\n\n\n<div style=\"height:30px\" aria-hidden=\"true\" class=\"wp-block-spacer\"><\/div>\n<\/div>\n<\/div>\n\n\n\n<div class=\"wp-block-group alignfull pattern_multiple_covers has-background has-global-padding is-content-justification-center is-layout-constrained wp-block-group-is-layout-constrained\" id=\"mescreationsvideos\" style=\"background-color:#f8f8f8\">\n<div style=\"height:84px\" aria-hidden=\"true\" class=\"wp-block-spacer\"><\/div>\n\n\n\n<p class=\"has-text-align-left has-secondary-color has-text-color\" style=\"letter-spacing:1px\"><\/p>\n\n\n\n<h2 class=\"wp-block-heading has-text-align-left\">Mes cr\u00e9ations vid\u00e9os \ud83c\udfa5<\/h2>\n\n\n\n<p class=\"has-text-align-left\">Ces vid\u00e9os ont \u00e9t\u00e9 r\u00e9alis\u00e9es pour l&#8217;association Ferme de Clamart dans le but de cr\u00e9er des publications pour les r\u00e9seaux sociaux. Film\u00e9es avec mon smartphone et \u00e9dit\u00e9es avec CapCut, elles pr\u00e9sentent l&#8217;ensemble des ateliers p\u00e9dagogiques que nous proposons, ainsi que le nourrissage des animaux.<\/p>\n\n\n\n<div style=\"height:46px\" aria-hidden=\"true\" class=\"wp-block-spacer\"><\/div>\n\n\n\n<div class=\"wp-block-columns is-layout-flex wp-container-core-columns-is-layout-28f84493 wp-block-columns-is-layout-flex\">\n<div class=\"wp-block-column is-layout-flow wp-block-column-is-layout-flow\">\n<div class=\"wp-block-columns is-layout-flex wp-container-core-columns-is-layout-28f84493 wp-block-columns-is-layout-flex\">\n<div class=\"wp-block-column is-layout-flow wp-block-column-is-layout-flow\">\n<figure class=\"wp-block-video\"><video height=\"1920\" style=\"aspect-ratio: 1080 \/ 1920;\" width=\"1080\" controls poster=\"http:\/\/isabellachavero.fr\/wp-content\/uploads\/2024\/04\/Atelier-herbier-logo.png\" src=\"http:\/\/isabellachavero.fr\/wp-content\/uploads\/2024\/04\/Atelier-herbier.mp4\" playsinline><\/video><figcaption class=\"wp-element-caption\">Atelier herbier \ud83c\udf3f <\/figcaption><\/figure>\n\n\n\n<figure class=\"wp-block-video\"><video height=\"1920\" style=\"aspect-ratio: 1080 \/ 1920;\" width=\"1080\" controls poster=\"http:\/\/isabellachavero.fr\/wp-content\/uploads\/2024\/04\/Atelier-pain.jpeg\" src=\"http:\/\/isabellachavero.fr\/wp-content\/uploads\/2024\/04\/Atelier-pain.mp4\" playsinline><\/video><figcaption class=\"wp-element-caption\">Atelier pains \ud83e\udd56 <\/figcaption><\/figure>\n<\/div>\n\n\n\n<div class=\"wp-block-column is-layout-flow wp-block-column-is-layout-flow\">\n<figure class=\"wp-block-video\"><video height=\"1920\" style=\"aspect-ratio: 1080 \/ 1920;\" width=\"1080\" controls poster=\"http:\/\/isabellachavero.fr\/wp-content\/uploads\/2024\/04\/Atelier-jus-de-pomme.jpeg\" src=\"http:\/\/isabellachavero.fr\/wp-content\/uploads\/2024\/04\/Atelier-jus-de-pomme.mp4\" playsinline><\/video><figcaption class=\"wp-element-caption\">Atelier jus de pomme \ud83c\udf4e <\/figcaption><\/figure>\n\n\n\n<figure class=\"wp-block-video\"><video height=\"1920\" style=\"aspect-ratio: 1080 \/ 1920;\" width=\"1080\" controls poster=\"http:\/\/isabellachavero.fr\/wp-content\/uploads\/2024\/04\/Ferme-de-clamart.jpeg\" src=\"http:\/\/isabellachavero.fr\/wp-content\/uploads\/2024\/04\/Nourrissage.mp4\" playsinline><\/video><figcaption class=\"wp-element-caption\">Nourrissage \ud83d\udc07 <\/figcaption><\/figure>\n<\/div>\n<\/div>\n<\/div>\n<\/div>\n<\/div>\n\n\n\n<div id=\"partners\" class=\"wp-block-group has-global-padding is-content-justification-center is-layout-constrained wp-container-core-group-is-layout-dc06fb1d wp-block-group-is-layout-constrained\"><\/div>\n\n\n\n<div id=\"team\" class=\"wp-block-group has-global-padding is-layout-constrained wp-block-group-is-layout-constrained\"><\/div>\n\n\n\n<div class=\"wp-block-cover alignfull has-parallax is-position-center-center\" style=\"border-radius:0px\"><span aria-hidden=\"true\" class=\"wp-block-cover__background has-black-background-color has-background-dim-40 has-background-dim\"><\/span><div class=\"wp-block-cover__image-background wp-image-24 has-parallax\" style=\"background-position:50% 50%;background-image:url(https:\/\/isabellachavero.fr\/wp-content\/themes\/inspiro\/assets\/images\/StockSnap_89BQZ89TLH.jpg)\"><\/div><div class=\"wp-block-cover__inner-container is-layout-flow wp-block-cover-is-layout-flow\">\n<div class=\"wp-block-group has-global-padding is-layout-constrained wp-block-group-is-layout-constrained\">\n<h3 class=\"wp-block-heading has-text-align-center has-text-color has-medium-font-size\" style=\"color:#fffffa;text-transform:uppercase\">Dans l&#8217;univers de l&#8217;audiovisuel, chaque instant devient \u00e9ternit\u00e9<\/h3>\n\n\n\n<p class=\"has-text-align-center has-white-color has-text-color\"><\/p>\n\n\n\n<div style=\"height:31px\" aria-hidden=\"true\" class=\"wp-block-spacer\"><\/div>\n\n\n\n<div class=\"wp-block-buttons is-horizontal is-content-justification-center is-layout-flex wp-container-core-buttons-is-layout-03627597 wp-block-buttons-is-layout-flex\">\n<div class=\"wp-block-button is-style-outline is-style-outline--3\"><a class=\"wp-block-button__link has-white-color has-text-color wp-element-button\" href=\"https:\/\/drive.google.com\/file\/d\/1ZXT30DjyKQuDQdjOXM5pwRstVkVOdOcm\/view?usp=sharing\" style=\"border-radius:0px\" target=\"_blank\" rel=\"noreferrer noopener nofollow\">T\u00e9l\u00e9charger mon CV<\/a><\/div>\n<\/div>\n<\/div>\n<\/div><\/div>\n","protected":false},"excerpt":{"rendered":"<p>\u00c0 propos de moi Je m&#8217;appelle Isabella Chavero, j&#8217;ai 25 ans, expatri\u00e9 depuis 6 ans, je suis \u00e0 la recherche d&#8217;une alternance pour pr\u00e9parer mon BTS Audiovisuel, option m\u00e9tiers de l&#8217;image. Disponible d\u00e8s septembre 2024. Mes cr\u00e9ations vid\u00e9os \ud83c\udfa5 Ces vid\u00e9os ont \u00e9t\u00e9 r\u00e9alis\u00e9es pour l&#8217;association Ferme de Clamart dans le but de cr\u00e9er des &hellip; <\/p>\n<p class=\"link-more\"><a href=\"https:\/\/isabellachavero.fr\/\" class=\"more-link\">Read more<span class=\"screen-reader-text\"> &#8220;Homepage&#8221;<\/span><\/a><\/p>\n","protected":false},"author":1,"featured_media":0,"parent":0,"menu_order":0,"comment_status":"closed","ping_status":"closed","template":"page-templates\/homepage-no-hero.php","meta":{"footnotes":""},"class_list":["post-21","page","type-page","status-publish","hentry"],"_links":{"self":[{"href":"https:\/\/isabellachavero.fr\/index.php\/wp-json\/wp\/v2\/pages\/21","targetHints":{"allow":["GET"]}}],"collection":[{"href":"https:\/\/isabellachavero.fr\/index.php\/wp-json\/wp\/v2\/pages"}],"about":[{"href":"https:\/\/isabellachavero.fr\/index.php\/wp-json\/wp\/v2\/types\/page"}],"author":[{"embeddable":true,"href":"https:\/\/isabellachavero.fr\/index.php\/wp-json\/wp\/v2\/users\/1"}],"replies":[{"embeddable":true,"href":"https:\/\/isabellachavero.fr\/index.php\/wp-json\/wp\/v2\/comments?post=21"}],"version-history":[{"count":35,"href":"https:\/\/isabellachavero.fr\/index.php\/wp-json\/wp\/v2\/pages\/21\/revisions"}],"predecessor-version":[{"id":128,"href":"https:\/\/isabellachavero.fr\/index.php\/wp-json\/wp\/v2\/pages\/21\/revisions\/128"}],"wp:attachment":[{"href":"https:\/\/isabellachavero.fr\/index.php\/wp-json\/wp\/v2\/media?parent=21"}],"curies":[{"name":"wp","href":"https:\/\/api.w.org\/{rel}","templated":true}]}}